{"id":792,"date":"2025-10-30T16:15:32","date_gmt":"2025-10-30T16:15:32","guid":{"rendered":"https:\/\/sweetcanada.ca\/?post_type=product&#038;p=792"},"modified":"2025-10-30T16:15:32","modified_gmt":"2025-10-30T16:15:32","slug":"birthday-baskets","status":"publish","type":"product","link":"https:\/\/sweetcanada.ca\/fr\/produit\/birthday-baskets\/","title":{"rendered":"Paniers d'anniversaire"},"content":{"rendered":"<p data-start=\"430\" data-end=\"811\">Rendez les anniversaires encore plus sp\u00e9ciaux avec <em data-start=\"527\" data-end=\"560\">Paniers d'anniversaire Sweet Canada<\/em> - le cadeau id\u00e9al pour partager l'amour, les rires et la douceur le jour J. Chaque panier est soigneusement con\u00e7u pour inclure un m\u00e9lange de d\u00e9licieuses g\u00e2teries telles que des chocolats gourmands, des bonbons, des biscuits, du pop-corn et des surprises amusantes que tout le monde adorera.<\/p>\n<p data-start=\"813\" data-end=\"1118\">Qu'il s'agisse de c\u00e9l\u00e9brer l'anniversaire d'un enfant, de surprendre un meilleur ami ou d'envoyer des v\u0153ux chaleureux \u00e0 la famille \u00e0 travers le Canada, nos paniers sont con\u00e7us pour r\u00e9pandre le bonheur et les moments d\u00e9licieux. Nous n'utilisons que des produits de qualit\u00e9 sup\u00e9rieure, fabriqu\u00e9s au Canada, et nous emballons chaque panier de mani\u00e8re \u00e0 ce qu'il fasse l'effet d'une surprise lorsqu'il est ouvert.<\/p>\n<p data-start=\"1120\" data-end=\"1342\">Choisissez parmi une vari\u00e9t\u00e9 de th\u00e8mes d'anniversaire - de <em data-start=\"1168\" data-end=\"1185\">Explosion de bonbons<\/em> pour les enfants <em data-start=\"1198\" data-end=\"1219\">Bo\u00eetes \u00e0 friandises \u00e9l\u00e9gantes<\/em> pour les adultes. Vous pouvez m\u00eame ajouter un message personnalis\u00e9 ou inclure des options di\u00e9t\u00e9tiques sp\u00e9ciales telles que des friandises sans gluten ou v\u00e9g\u00e9taliennes.<\/p>\n<p data-start=\"1344\" data-end=\"1372\">\ud83c\udf88 <strong data-start=\"1347\" data-end=\"1370\">Pourquoi vous l'aimerez :<\/strong><\/p>\n<ul data-start=\"1373\" data-end=\"1604\">\n<li data-start=\"1373\" data-end=\"1423\">\n<p data-start=\"1375\" data-end=\"1423\">Parfait pour tous les \u00e2ges - enfants, adolescents et adultes<\/p>\n<\/li>\n<li data-start=\"1424\" data-end=\"1472\">\n<p data-start=\"1426\" data-end=\"1472\">Comprend des sucreries, des chocolats et des en-cas de qualit\u00e9 sup\u00e9rieure.<\/p>\n<\/li>\n<li data-start=\"1473\" data-end=\"1519\">\n<p data-start=\"1475\" data-end=\"1519\">Un bel emballage pour une surprise festive<\/p>\n<\/li>\n<li data-start=\"1520\" data-end=\"1567\">\n<p data-start=\"1522\" data-end=\"1567\">Possibilit\u00e9 de personnaliser et d'ajouter une carte d'anniversaire<\/p>\n<\/li>\n<li data-start=\"1568\" data-end=\"1604\">\n<p data-start=\"1570\" data-end=\"1604\">Livraison rapide partout au Canada<\/p>\n<\/li>\n<\/ul>\n<p data-start=\"1606\" data-end=\"1753\">R\u00e9pandez des sourires et de la douceur avec <em data-start=\"1639\" data-end=\"1670\">Paniers d'anniversaire sucr\u00e9s pour le Canada<\/em> - parce que chaque anniversaire m\u00e9rite d'\u00eatre c\u00e9l\u00e9br\u00e9 de la mani\u00e8re la plus douce qui soit !<\/p>","protected":false},"excerpt":{"rendered":"<p data-start=\"155\" data-end=\"423\">C\u00e9l\u00e9brez chaque anniversaire dans la joie et la douceur ! Notre <em data-start=\"265\" data-end=\"296\">Paniers d'anniversaire sucr\u00e9s pour le Canada<\/em> sont remplis de chocolats, de bonbons, de biscuits et de surprises de premi\u00e8re qualit\u00e9 qui font sourire tous les \u00e2ges - des enfants aux adultes.<\/p>","protected":false},"featured_media":552,"comment_status":"open","ping_status":"closed","template":"","meta":[],"product_brand":[],"product_cat":[21],"product_tag":[],"class_list":{"0":"post-792","1":"product","2":"type-product","3":"status-publish","4":"has-post-thumbnail","6":"product_cat-artisanal","8":"first","9":"instock","10":"sale","11":"shipping-taxable","12":"purchasable","13":"product-type-simple"},"_links":{"self":[{"href":"https:\/\/sweetcanada.ca\/fr\/wp-json\/wp\/v2\/product\/792","targetHints":{"allow":["GET"]}}],"collection":[{"href":"https:\/\/sweetcanada.ca\/fr\/wp-json\/wp\/v2\/product"}],"about":[{"href":"https:\/\/sweetcanada.ca\/fr\/wp-json\/wp\/v2\/types\/product"}],"replies":[{"embeddable":true,"href":"https:\/\/sweetcanada.ca\/fr\/wp-json\/wp\/v2\/comments?post=792"}],"wp:featuredmedia":[{"embeddable":true,"href":"https:\/\/sweetcanada.ca\/fr\/wp-json\/wp\/v2\/media\/552"}],"wp:attachment":[{"href":"https:\/\/sweetcanada.ca\/fr\/wp-json\/wp\/v2\/media?parent=792"}],"wp:term":[{"taxonomy":"product_brand","embeddable":true,"href":"https:\/\/sweetcanada.ca\/fr\/wp-json\/wp\/v2\/product_brand?post=792"},{"taxonomy":"product_cat","embeddable":true,"href":"https:\/\/sweetcanada.ca\/fr\/wp-json\/wp\/v2\/product_cat?post=792"},{"taxonomy":"product_tag","embeddable":true,"href":"https:\/\/sweetcanada.ca\/fr\/wp-json\/wp\/v2\/product_tag?post=792"}],"curies":[{"name":"wp","href":"https:\/\/api.w.org\/{rel}","templated":true}]}}