{"id":791,"date":"2025-10-30T16:13:22","date_gmt":"2025-10-30T16:13:22","guid":{"rendered":"https:\/\/sweetcanada.ca\/?post_type=product&#038;p=791"},"modified":"2025-10-30T16:14:24","modified_gmt":"2025-10-30T16:14:24","slug":"family-movie-night-basket","status":"publish","type":"product","link":"https:\/\/sweetcanada.ca\/fr\/produit\/family-movie-night-basket\/","title":{"rendered":"Panier pour la soir\u00e9e cin\u00e9ma en famille"},"content":{"rendered":"<p data-start=\"464\" data-end=\"827\">Transformez votre salon en salle de cin\u00e9ma gr\u00e2ce \u00e0 notre <strong data-start=\"558\" data-end=\"587\">Panier pour la soir\u00e9e cin\u00e9ma en famille<\/strong> - la g\u00e2terie ultime pour des soir\u00e9es douillettes et des moments de plaisir en famille ! Soigneusement con\u00e7u pour que chacun y trouve son compte, ce panier comprend un m\u00e9lange de <strong data-start=\"714\" data-end=\"788\">des classiques du cin\u00e9ma, du pop-corn gourmet, des barres chocolat\u00e9es et des bonbons amusants<\/strong> que les enfants et les adultes appr\u00e9cieront.<\/p>\n<p data-start=\"829\" data-end=\"1221\">Chaque panier est joliment arrang\u00e9 avec des produits de premi\u00e8re qualit\u00e9 tels que <strong data-start=\"891\" data-end=\"977\">popcorn au beurre, bretzels enrob\u00e9s de chocolat, bonbons assortis et biscuits artisanaux<\/strong> - pr\u00eats \u00e0 \u00eatre d\u00e9gust\u00e9s tout en regardant vos films pr\u00e9f\u00e9r\u00e9s. Que vous f\u00eatiez un week-end, un anniversaire ou que vous souhaitiez simplement passer du temps ensemble, ce panier apporte de la joie, des rires et de d\u00e9licieuses saveurs \u00e0 chaque soir\u00e9e cin\u00e9ma.<\/p>\n<p data-start=\"1223\" data-end=\"1244\">\ud83c\udf81 <strong data-start=\"1226\" data-end=\"1242\">Parfait pour :<\/strong><\/p>\n<ul data-start=\"1245\" data-end=\"1395\">\n<li data-start=\"1245\" data-end=\"1289\">\n<p data-start=\"1247\" data-end=\"1289\">R\u00e9unions de famille et soir\u00e9es de week-end<\/p>\n<\/li>\n<li data-start=\"1290\" data-end=\"1333\">\n<p data-start=\"1292\" data-end=\"1333\">Surprises d'anniversaire pour les enfants ou les familles<\/p>\n<\/li>\n<li data-start=\"1334\" data-end=\"1395\">\n<p data-start=\"1336\" data-end=\"1395\">Offrir \u00e0 des amis, des coll\u00e8gues ou des clients qui aiment le cin\u00e9ma<\/p>\n<\/li>\n<\/ul>\n<p data-start=\"1397\" data-end=\"1440\">\u2728 <strong data-start=\"1399\" data-end=\"1438\">Ce qu'il y a \u00e0 l'int\u00e9rieur (peut varier selon la saison) :<\/strong><\/p>\n<ul data-start=\"1441\" data-end=\"1587\">\n<li data-start=\"1441\" data-end=\"1465\">\n<p data-start=\"1443\" data-end=\"1465\">Sachets de pop-corn gourmet<\/p>\n<\/li>\n<li data-start=\"1466\" data-end=\"1499\">\n<p data-start=\"1468\" data-end=\"1499\">Assortiment de chocolats et de bonbons<\/p>\n<\/li>\n<li data-start=\"1500\" data-end=\"1523\">\n<p data-start=\"1502\" data-end=\"1523\">Biscuits ou brownies<\/p>\n<\/li>\n<li data-start=\"1524\" data-end=\"1558\">\n<p data-start=\"1526\" data-end=\"1558\">M\u00e9lange pour chocolat chaud ou canettes de soda<\/p>\n<\/li>\n<li data-start=\"1559\" data-end=\"1587\">\n<p data-start=\"1561\" data-end=\"1587\">Panier \u00e0 souvenirs r\u00e9utilisable<\/p>\n<\/li>\n<\/ul>\n<p data-start=\"1589\" data-end=\"1672\">Rendez vos soir\u00e9es cin\u00e9ma plus agr\u00e9ables - avec <em data-start=\"1627\" data-end=\"1670\">Panier pour la soir\u00e9e cin\u00e9ma en famille de Sweet Canada !<\/em><\/p>","protected":false},"excerpt":{"rendered":"<p data-start=\"205\" data-end=\"457\">Ramenez la magie du cin\u00e9ma \u00e0 la maison ! Notre panier \"Soir\u00e9e cin\u00e9ma en famille\" est rempli de d\u00e9licieux en-cas, de friandises sucr\u00e9es et de d\u00e9lices douillets - tout ce dont vous avez besoin pour passer une soir\u00e9e parfaite en famille.<\/p>","protected":false},"featured_media":787,"comment_status":"open","ping_status":"closed","template":"","meta":[],"product_brand":[],"product_cat":[21],"product_tag":[],"class_list":{"0":"post-791","1":"product","2":"type-product","3":"status-publish","4":"has-post-thumbnail","6":"product_cat-artisanal","8":"first","9":"instock","10":"sale","11":"shipping-taxable","12":"purchasable","13":"product-type-simple"},"_links":{"self":[{"href":"https:\/\/sweetcanada.ca\/fr\/wp-json\/wp\/v2\/product\/791","targetHints":{"allow":["GET"]}}],"collection":[{"href":"https:\/\/sweetcanada.ca\/fr\/wp-json\/wp\/v2\/product"}],"about":[{"href":"https:\/\/sweetcanada.ca\/fr\/wp-json\/wp\/v2\/types\/product"}],"replies":[{"embeddable":true,"href":"https:\/\/sweetcanada.ca\/fr\/wp-json\/wp\/v2\/comments?post=791"}],"wp:featuredmedia":[{"embeddable":true,"href":"https:\/\/sweetcanada.ca\/fr\/wp-json\/wp\/v2\/media\/787"}],"wp:attachment":[{"href":"https:\/\/sweetcanada.ca\/fr\/wp-json\/wp\/v2\/media?parent=791"}],"wp:term":[{"taxonomy":"product_brand","embeddable":true,"href":"https:\/\/sweetcanada.ca\/fr\/wp-json\/wp\/v2\/product_brand?post=791"},{"taxonomy":"product_cat","embeddable":true,"href":"https:\/\/sweetcanada.ca\/fr\/wp-json\/wp\/v2\/product_cat?post=791"},{"taxonomy":"product_tag","embeddable":true,"href":"https:\/\/sweetcanada.ca\/fr\/wp-json\/wp\/v2\/product_tag?post=791"}],"curies":[{"name":"wp","href":"https:\/\/api.w.org\/{rel}","templated":true}]}}