{"id":789,"date":"2025-10-30T16:12:15","date_gmt":"2025-10-30T16:12:15","guid":{"rendered":"https:\/\/sweetcanada.ca\/?post_type=product&#038;p=789"},"modified":"2025-10-30T16:12:24","modified_gmt":"2025-10-30T16:12:24","slug":"candy-fun-basket","status":"publish","type":"product","link":"https:\/\/sweetcanada.ca\/fr\/produit\/candy-fun-basket\/","title":{"rendered":"Panier de friandises"},"content":{"rendered":"<p data-start=\"480\" data-end=\"817\">Transformez un jour ordinaire en une f\u00eate gr\u00e2ce \u00e0 la <em data-start=\"570\" data-end=\"588\">Panier de friandises<\/em> de <strong data-start=\"594\" data-end=\"610\">Sweet Canada<\/strong>! Con\u00e7u pour les amateurs de bonbons de tous \u00e2ges, ce panier regorge d'un assortiment irr\u00e9sistible de friandises - des gommes fruit\u00e9es aux caramels moelleux en passant par les tablettes de chocolat et les classiques canadiens nostalgiques.<\/p>\n<p data-start=\"819\" data-end=\"1076\">Chaque panier est joliment emball\u00e9 et rempli d'un m\u00e9lange de bonbons de qualit\u00e9 sup\u00e9rieure qui promet du plaisir, de la saveur et beaucoup de sourires. Que vous surpreniez vos enfants, que vous envoyiez un cadeau \u00e0 un \u00eatre cher ou que vous organisiez une f\u00eate, ce panier ne manquera pas d'attirer l'attention.<\/p>\n<p data-start=\"1078\" data-end=\"1324\">Notre \u00e9quipe s\u00e9lectionne chaque friandise \u00e0 la main pour s'assurer de sa qualit\u00e9, de sa fra\u00eecheur et de sa vari\u00e9t\u00e9 - parce que nous connaissons la joie que peut procurer une poign\u00e9e de bonbons ! Disponible pour livraison partout au Canada, le panier de bonbons amusants permet d'offrir des cadeaux sans effort et avec plaisir.<\/p>\n<p data-start=\"1326\" data-end=\"1346\">\u2705 <strong data-start=\"1328\" data-end=\"1344\">Parfait pour :<\/strong><\/p>\n<ul data-start=\"1347\" data-end=\"1460\">\n<li data-start=\"1347\" data-end=\"1375\">\n<p data-start=\"1349\" data-end=\"1375\">Anniversaires et c\u00e9l\u00e9brations<\/p>\n<\/li>\n<li data-start=\"1376\" data-end=\"1399\">\n<p data-start=\"1378\" data-end=\"1399\">Soir\u00e9es cin\u00e9ma en famille<\/p>\n<\/li>\n<li data-start=\"1400\" data-end=\"1431\">\n<p data-start=\"1402\" data-end=\"1431\">Cadeaux de remerciement ou de surprise<\/p>\n<\/li>\n<li data-start=\"1432\" data-end=\"1460\">\n<p data-start=\"1434\" data-end=\"1460\">F\u00eates d'enfants et vacances<\/p>\n<\/li>\n<\/ul>\n<p data-start=\"1462\" data-end=\"1547\"><strong data-start=\"1462\" data-end=\"1478\">Sweet Canada<\/strong> - o\u00f9 chaque panier est rempli de douceur, de rire et d'amour.<\/p>","protected":false},"excerpt":{"rendered":"<p data-start=\"156\" data-end=\"473\">Apportez des sourires et de la douceur \u00e0 toutes les occasions avec notre <em data-start=\"247\" data-end=\"265\">Panier de friandises<\/em>! Rempli de friandises color\u00e9es, de friandises \u00e0 croquer et de bonbons canadiens classiques, ce panier est le r\u00eave de tous les enfants. Parfait pour les anniversaires, les soir\u00e9es cin\u00e9ma ou les cadeaux surprises - c'est du pur bonheur dans une bo\u00eete !<\/p>","protected":false},"featured_media":786,"comment_status":"open","ping_status":"closed","template":"","meta":[],"product_brand":[],"product_cat":[21],"product_tag":[],"class_list":{"0":"post-789","1":"product","2":"type-product","3":"status-publish","4":"has-post-thumbnail","6":"product_cat-artisanal","8":"first","9":"instock","10":"sale","11":"shipping-taxable","12":"purchasable","13":"product-type-simple"},"_links":{"self":[{"href":"https:\/\/sweetcanada.ca\/fr\/wp-json\/wp\/v2\/product\/789","targetHints":{"allow":["GET"]}}],"collection":[{"href":"https:\/\/sweetcanada.ca\/fr\/wp-json\/wp\/v2\/product"}],"about":[{"href":"https:\/\/sweetcanada.ca\/fr\/wp-json\/wp\/v2\/types\/product"}],"replies":[{"embeddable":true,"href":"https:\/\/sweetcanada.ca\/fr\/wp-json\/wp\/v2\/comments?post=789"}],"wp:featuredmedia":[{"embeddable":true,"href":"https:\/\/sweetcanada.ca\/fr\/wp-json\/wp\/v2\/media\/786"}],"wp:attachment":[{"href":"https:\/\/sweetcanada.ca\/fr\/wp-json\/wp\/v2\/media?parent=789"}],"wp:term":[{"taxonomy":"product_brand","embeddable":true,"href":"https:\/\/sweetcanada.ca\/fr\/wp-json\/wp\/v2\/product_brand?post=789"},{"taxonomy":"product_cat","embeddable":true,"href":"https:\/\/sweetcanada.ca\/fr\/wp-json\/wp\/v2\/product_cat?post=789"},{"taxonomy":"product_tag","embeddable":true,"href":"https:\/\/sweetcanada.ca\/fr\/wp-json\/wp\/v2\/product_tag?post=789"}],"curies":[{"name":"wp","href":"https:\/\/api.w.org\/{rel}","templated":true}]}}