{"id":772,"date":"2025-10-30T16:00:48","date_gmt":"2025-10-30T16:00:48","guid":{"rendered":"https:\/\/sweetcanada.ca\/?post_type=product&#038;p=772"},"modified":"2025-10-30T16:01:15","modified_gmt":"2025-10-30T16:01:15","slug":"772","status":"publish","type":"product","link":"https:\/\/sweetcanada.ca\/fr\/produit\/772\/","title":{"rendered":"Diwali"},"content":{"rendered":"<p data-start=\"446\" data-end=\"867\">Illuminez vos c\u00e9l\u00e9brations de Diwali avec le <strong data-start=\"533\" data-end=\"563\">Panier Diwali Sweet Canada<\/strong>, Les paniers de No\u00ebl ont \u00e9t\u00e9 con\u00e7us pour capturer la chaleur, les couleurs et la douceur de ce festival sp\u00e9cial. Chaque panier est rempli d'un assortiment irr\u00e9sistible de friandises de premi\u00e8re qualit\u00e9 - des chocolats riches et des sucreries indiennes traditionnelles aux snacks croquants et aux th\u00e9s aromatiques - le tout joliment emball\u00e9 dans un emballage festif.<\/p>\n<p data-start=\"869\" data-end=\"1142\">Parfait pour offrir \u00e0 la famille, aux amis ou aux coll\u00e8gues, notre panier Diwali repr\u00e9sente le v\u00e9ritable esprit de la saison - r\u00e9pandre le bonheur, la prosp\u00e9rit\u00e9 et la douceur dans tous les foyers. Que vous soyez pr\u00e8s ou loin, envoyez votre amour \u00e0 travers le Canada avec ce d\u00e9licieux panier festif.<\/p>\n<p data-start=\"1144\" data-end=\"1161\">\u2728 <strong data-start=\"1146\" data-end=\"1159\">Comprend :<\/strong><\/p>\n<ul data-start=\"1162\" data-end=\"1346\">\n<li data-start=\"1162\" data-end=\"1193\">\n<p data-start=\"1164\" data-end=\"1193\">Assortiment de chocolats de qualit\u00e9 sup\u00e9rieure<\/p>\n<\/li>\n<li data-start=\"1194\" data-end=\"1242\">\n<p data-start=\"1196\" data-end=\"1242\">Sucreries indiennes traditionnelles ou desserts fusion<\/p>\n<\/li>\n<li data-start=\"1243\" data-end=\"1270\">\n<p data-start=\"1245\" data-end=\"1270\">Fruits secs et en-cas gourmands<\/p>\n<\/li>\n<li data-start=\"1271\" data-end=\"1307\">\n<p data-start=\"1273\" data-end=\"1307\">S\u00e9lection de th\u00e9s ou de caf\u00e9s parfum\u00e9s<\/p>\n<\/li>\n<li data-start=\"1308\" data-end=\"1346\">\n<p data-start=\"1310\" data-end=\"1346\">Emballage d\u00e9coratif sur le th\u00e8me de Diwali<\/p>\n<\/li>\n<\/ul>\n<p data-start=\"1348\" data-end=\"1486\">\ud83c\udf81 <strong data-start=\"1351\" data-end=\"1367\">Parfait pour :<\/strong><br data-start=\"1367\" data-end=\"1370\" \/>Cadeaux d'entreprise, c\u00e9l\u00e9brations familiales, ou surprendre ses proches avec un geste d\u00e9licieux et attentionn\u00e9 en ce jour de Diwali.<\/p>","protected":false},"excerpt":{"rendered":"<p data-start=\"183\" data-end=\"439\">C\u00e9l\u00e9brez la f\u00eate des lumi\u00e8res avec notre magnifique panier Diwali, rempli de sucreries, de chocolats et de d\u00e9lices festifs de premi\u00e8re qualit\u00e9 pour partager la joie, la lumi\u00e8re et l'amour avec votre famille et vos amis.<\/p>","protected":false},"featured_media":773,"comment_status":"open","ping_status":"closed","template":"","meta":[],"product_brand":[],"product_cat":[21],"product_tag":[],"class_list":{"0":"post-772","1":"product","2":"type-product","3":"status-publish","4":"has-post-thumbnail","6":"product_cat-artisanal","8":"first","9":"instock","10":"sale","11":"shipping-taxable","12":"purchasable","13":"product-type-simple"},"_links":{"self":[{"href":"https:\/\/sweetcanada.ca\/fr\/wp-json\/wp\/v2\/product\/772","targetHints":{"allow":["GET"]}}],"collection":[{"href":"https:\/\/sweetcanada.ca\/fr\/wp-json\/wp\/v2\/product"}],"about":[{"href":"https:\/\/sweetcanada.ca\/fr\/wp-json\/wp\/v2\/types\/product"}],"replies":[{"embeddable":true,"href":"https:\/\/sweetcanada.ca\/fr\/wp-json\/wp\/v2\/comments?post=772"}],"wp:featuredmedia":[{"embeddable":true,"href":"https:\/\/sweetcanada.ca\/fr\/wp-json\/wp\/v2\/media\/773"}],"wp:attachment":[{"href":"https:\/\/sweetcanada.ca\/fr\/wp-json\/wp\/v2\/media?parent=772"}],"wp:term":[{"taxonomy":"product_brand","embeddable":true,"href":"https:\/\/sweetcanada.ca\/fr\/wp-json\/wp\/v2\/product_brand?post=772"},{"taxonomy":"product_cat","embeddable":true,"href":"https:\/\/sweetcanada.ca\/fr\/wp-json\/wp\/v2\/product_cat?post=772"},{"taxonomy":"product_tag","embeddable":true,"href":"https:\/\/sweetcanada.ca\/fr\/wp-json\/wp\/v2\/product_tag?post=772"}],"curies":[{"name":"wp","href":"https:\/\/api.w.org\/{rel}","templated":true}]}}