{"id":766,"date":"2025-10-30T15:51:18","date_gmt":"2025-10-30T15:51:18","guid":{"rendered":"https:\/\/sweetcanada.ca\/?post_type=product&#038;p=766"},"modified":"2025-10-30T15:51:18","modified_gmt":"2025-10-30T15:51:18","slug":"eid","status":"publish","type":"product","link":"https:\/\/sweetcanada.ca\/fr\/produit\/eid\/","title":{"rendered":"A\u00efd"},"content":{"rendered":"<p data-start=\"618\" data-end=\"951\">L'A\u00efd est un moment de convivialit\u00e9, de gratitude et de joie - et quelle meilleure fa\u00e7on de le c\u00e9l\u00e9brer qu'en offrant une collection d'objets de qualit\u00e9 ? <strong data-start=\"783\" data-end=\"820\">Panier de l'A\u00efd de Sweet Canada<\/strong>? Chaque panier est con\u00e7u pour refl\u00e9ter la chaleur et la g\u00e9n\u00e9rosit\u00e9 de cette occasion sp\u00e9ciale, apportant des sourires dans tous les foyers qu'il touche.<\/p>\n<p data-start=\"953\" data-end=\"1330\">Notre collection de l'A\u00efd pr\u00e9sente un m\u00e9lange luxueux de <strong data-start=\"1000\" data-end=\"1088\">chocolats de qualit\u00e9 sup\u00e9rieure, dattes fra\u00eeches, noix, biscuits, th\u00e9 et autres friandises halal.<\/strong>, Nos paniers sont compos\u00e9s d'ingr\u00e9dients soigneusement choisis pour honorer l'esprit de l'A\u00efd al-Fitr et de l'A\u00efd al-Adha. Qu'il s'agisse d'envoyer de l'amour aux membres de votre famille, de partager votre appr\u00e9ciation avec vos amis ou de donner un cadeau \u00e0 votre \u00e9quipe, nos paniers sont con\u00e7us pour offrir \u00e9l\u00e9gance et plaisir.<\/p>\n<p data-start=\"1332\" data-end=\"1613\">Nous sommes fiers de combiner <strong data-start=\"1359\" data-end=\"1385\">Artisanat canadien<\/strong> avec la tradition festive - chaque panier est assembl\u00e9 \u00e0 la main avec soin, envelopp\u00e9 dans des rubans festifs et pr\u00eat \u00e0 \u00eatre offert. Choisissez parmi les assortiments classiques ou personnalisez votre panier avec les friandises et les en-cas pr\u00e9f\u00e9r\u00e9s de votre destinataire.<\/p>\n<p data-start=\"1615\" data-end=\"1857\">Avec une livraison \u00e0 l'\u00e9chelle nationale, Sweet Canada facilite la livraison des produits suivants <strong data-start=\"1685\" data-end=\"1728\">r\u00e9pandre le bonheur et la douceur pour l'A\u00efd<\/strong>. C\u00e9l\u00e9brez avec gratitude, partagez la douceur de la saison et cr\u00e9ez des souvenirs qui dureront longtemps apr\u00e8s la disparition de la derni\u00e8re friandise.<\/p>\n<p data-start=\"1859\" data-end=\"1956\">","protected":false},"excerpt":{"rendered":"<p data-start=\"247\" data-end=\"611\">C\u00e9l\u00e9brez la joie de l'A\u00efd avec les paniers-cadeaux exclusifs de l'A\u00efd de Sweet Canada, remplis de chocolats de premi\u00e8re qualit\u00e9, de dattes, de biscuits, de noix et de d\u00e9lices traditionnels. Ces paniers sont con\u00e7us pour partager l'amour et les b\u00e9n\u00e9dictions avec la famille, les amis ou les coll\u00e8gues. Rendez votre c\u00e9l\u00e9bration de l'A\u00efd plus douce avec nos paniers \u00e9l\u00e9gants et halal.<\/p>","protected":false},"featured_media":767,"comment_status":"open","ping_status":"closed","template":"","meta":[],"product_brand":[],"product_cat":[21],"product_tag":[],"class_list":{"0":"post-766","1":"product","2":"type-product","3":"status-publish","4":"has-post-thumbnail","6":"product_cat-artisanal","8":"first","9":"instock","10":"sale","11":"shipping-taxable","12":"purchasable","13":"product-type-simple"},"_links":{"self":[{"href":"https:\/\/sweetcanada.ca\/fr\/wp-json\/wp\/v2\/product\/766","targetHints":{"allow":["GET"]}}],"collection":[{"href":"https:\/\/sweetcanada.ca\/fr\/wp-json\/wp\/v2\/product"}],"about":[{"href":"https:\/\/sweetcanada.ca\/fr\/wp-json\/wp\/v2\/types\/product"}],"replies":[{"embeddable":true,"href":"https:\/\/sweetcanada.ca\/fr\/wp-json\/wp\/v2\/comments?post=766"}],"wp:featuredmedia":[{"embeddable":true,"href":"https:\/\/sweetcanada.ca\/fr\/wp-json\/wp\/v2\/media\/767"}],"wp:attachment":[{"href":"https:\/\/sweetcanada.ca\/fr\/wp-json\/wp\/v2\/media?parent=766"}],"wp:term":[{"taxonomy":"product_brand","embeddable":true,"href":"https:\/\/sweetcanada.ca\/fr\/wp-json\/wp\/v2\/product_brand?post=766"},{"taxonomy":"product_cat","embeddable":true,"href":"https:\/\/sweetcanada.ca\/fr\/wp-json\/wp\/v2\/product_cat?post=766"},{"taxonomy":"product_tag","embeddable":true,"href":"https:\/\/sweetcanada.ca\/fr\/wp-json\/wp\/v2\/product_tag?post=766"}],"curies":[{"name":"wp","href":"https:\/\/api.w.org\/{rel}","templated":true}]}}