{"id":764,"date":"2025-10-30T15:46:21","date_gmt":"2025-10-30T15:46:21","guid":{"rendered":"https:\/\/sweetcanada.ca\/?post_type=product&#038;p=764"},"modified":"2025-10-30T15:46:21","modified_gmt":"2025-10-30T15:46:21","slug":"hanukkah","status":"publish","type":"product","link":"https:\/\/sweetcanada.ca\/fr\/produit\/hanukkah\/","title":{"rendered":"Hanoukka"},"content":{"rendered":"<p data-start=\"534\" data-end=\"890\">C\u00e9l\u00e9brez la beaut\u00e9 et la chaleur de Hanoukka avec <em data-start=\"607\" data-end=\"639\">Panier de Hanoukka de Sweet Canada<\/em>, Chaque panier est compos\u00e9 de chocolats gourmands, de biscuits croustillants et de bonbons festifs. Chaque panier est rempli d'un d\u00e9licieux m\u00e9lange de chocolats gourmands, de biscuits croustillants et de bonbons festifs, avec une touche de charme traditionnel inspir\u00e9 par l'esprit des f\u00eates.<\/p>\n<p data-start=\"892\" data-end=\"1209\">Que vous envoyiez de l'amour \u00e0 votre famille, \u00e0 vos amis ou \u00e0 vos coll\u00e8gues, nos paniers de Hanoukka sont le moyen id\u00e9al de partager votre gratitude et votre joie. Magnifiquement emball\u00e9s dans des tons de bleu, d'argent et de blanc - symbolisant la paix et l'espoir - chaque panier capture l'essence des traditions de Hanoukka tout en offrant une touche canadienne moderne.<\/p>\n<p data-start=\"1211\" data-end=\"1422\">Rendez chaque nuit de Hanoukka m\u00e9morable gr\u00e2ce \u00e0 de d\u00e9licieuses g\u00e2teries qui suscitent des sourires et cr\u00e9ent des souvenirs imp\u00e9rissables. Choisissez parmi notre vari\u00e9t\u00e9 de paniers de Hanoukka pour r\u00e9pandre la douceur, la lumi\u00e8re et la solidarit\u00e9 \u00e0 travers le Canada.<\/p>","protected":false},"excerpt":{"rendered":"<p data-start=\"287\" data-end=\"527\">C\u00e9l\u00e9brez la f\u00eate des lumi\u00e8res avec notre panier de Hanoukka - un m\u00e9lange de douceurs sucr\u00e9es et de g\u00e2teries traditionnelles. Parfait pour partager des moments de joie avec ceux que l'on aime tout au long des huit nuits sp\u00e9ciales.<\/p>","protected":false},"featured_media":765,"comment_status":"open","ping_status":"closed","template":"","meta":[],"product_brand":[],"product_cat":[21],"product_tag":[],"class_list":{"0":"post-764","1":"product","2":"type-product","3":"status-publish","4":"has-post-thumbnail","6":"product_cat-artisanal","8":"first","9":"instock","10":"sale","11":"shipping-taxable","12":"purchasable","13":"product-type-simple"},"_links":{"self":[{"href":"https:\/\/sweetcanada.ca\/fr\/wp-json\/wp\/v2\/product\/764","targetHints":{"allow":["GET"]}}],"collection":[{"href":"https:\/\/sweetcanada.ca\/fr\/wp-json\/wp\/v2\/product"}],"about":[{"href":"https:\/\/sweetcanada.ca\/fr\/wp-json\/wp\/v2\/types\/product"}],"replies":[{"embeddable":true,"href":"https:\/\/sweetcanada.ca\/fr\/wp-json\/wp\/v2\/comments?post=764"}],"wp:featuredmedia":[{"embeddable":true,"href":"https:\/\/sweetcanada.ca\/fr\/wp-json\/wp\/v2\/media\/765"}],"wp:attachment":[{"href":"https:\/\/sweetcanada.ca\/fr\/wp-json\/wp\/v2\/media?parent=764"}],"wp:term":[{"taxonomy":"product_brand","embeddable":true,"href":"https:\/\/sweetcanada.ca\/fr\/wp-json\/wp\/v2\/product_brand?post=764"},{"taxonomy":"product_cat","embeddable":true,"href":"https:\/\/sweetcanada.ca\/fr\/wp-json\/wp\/v2\/product_cat?post=764"},{"taxonomy":"product_tag","embeddable":true,"href":"https:\/\/sweetcanada.ca\/fr\/wp-json\/wp\/v2\/product_tag?post=764"}],"curies":[{"name":"wp","href":"https:\/\/api.w.org\/{rel}","templated":true}]}}