{"id":763,"date":"2025-10-30T15:42:51","date_gmt":"2025-10-30T15:42:51","guid":{"rendered":"https:\/\/sweetcanada.ca\/?post_type=product&#038;p=763"},"modified":"2025-10-30T15:50:22","modified_gmt":"2025-10-30T15:50:22","slug":"christmas","status":"publish","type":"product","link":"https:\/\/sweetcanada.ca\/fr\/produit\/christmas\/","title":{"rendered":"No\u00ebl"},"content":{"rendered":"<p data-start=\"526\" data-end=\"900\">Faites de ce No\u00ebl un moment vraiment sp\u00e9cial avec <em data-start=\"565\" data-end=\"581\">Sweet Canada's<\/em> magnifiquement con\u00e7u <strong data-start=\"602\" data-end=\"628\">Paniers de No\u00ebl<\/strong>, Ces paniers sont con\u00e7us pour apporter de la chaleur, de la douceur et de la joie dans tous les foyers. Chaque panier est emball\u00e9 \u00e0 la main avec des g\u00e2teries de premi\u00e8re qualit\u00e9 - des riches chocolats artisanaux et des biscuits sabl\u00e9s au beurre aux cannes de bonbons festives et aux m\u00e9langes de cacao chaud - tous provenant de marques canadiennes de confiance que vous aimerez.<\/p>\n<p data-start=\"902\" data-end=\"1273\">Que vous envoyiez des v\u0153ux sinc\u00e8res \u00e0 votre famille \u00e0 travers le pays, que vous surpreniez votre \u00e9quipe avec des cadeaux d'entreprise ou que vous ajoutiez une touche d'indulgence \u00e0 votre propre c\u00e9l\u00e9bration, nos paniers de No\u00ebl capturent l'esprit d'offrande. Choisissez parmi les classiques des f\u00eates ou personnalisez votre panier pour qu'il corresponde aux go\u00fbts de votre proche - des options v\u00e9g\u00e9taliennes, sans gluten ou gastronomiques sont disponibles.<\/p>\n<p data-start=\"1275\" data-end=\"1514\">Chaque <em data-start=\"1281\" data-end=\"1295\">Sweet Canada<\/em> Le panier de No\u00ebl est emball\u00e9 avec soin, orn\u00e9 de rubans festifs et livr\u00e9 directement sur le pas de la porte - pr\u00eat \u00e0 raviver les esprits. Car rien ne dit mieux \u201cJoyeux No\u00ebl\u201d qu'une douceur venue de chez soi.<\/p>\n<p data-start=\"1516\" data-end=\"1537\">\ud83c\udf81 <strong data-start=\"1519\" data-end=\"1535\">Parfait pour :<\/strong><\/p>\n<ul data-start=\"1538\" data-end=\"1627\">\n<li data-start=\"1538\" data-end=\"1560\">\n<p data-start=\"1540\" data-end=\"1560\">Famille et amis<\/p>\n<\/li>\n<li data-start=\"1561\" data-end=\"1590\">\n<p data-start=\"1563\" data-end=\"1590\">Cadeaux d'entreprise pour les f\u00eates de fin d'ann\u00e9e<\/p>\n<\/li>\n<li data-start=\"1591\" data-end=\"1627\">\n<p data-start=\"1593\" data-end=\"1627\">F\u00eates et c\u00e9l\u00e9brations<\/p>\n<\/li>\n<\/ul>","protected":false},"excerpt":{"rendered":"<p data-start=\"296\" data-end=\"467\">C\u00e9l\u00e9brez la magie de No\u00ebl avec <em data-start=\"334\" data-end=\"350\">Sweet Canada's<\/em> des paniers-cadeaux festifs - remplis de chocolats gourmands, de biscuits et de d\u00e9lices saisonniers qui r\u00e9pandent la joie dans tout le Canada.<\/p>","protected":false},"featured_media":768,"comment_status":"open","ping_status":"closed","template":"","meta":[],"product_brand":[],"product_cat":[21],"product_tag":[],"class_list":{"0":"post-763","1":"product","2":"type-product","3":"status-publish","4":"has-post-thumbnail","6":"product_cat-artisanal","8":"first","9":"instock","10":"sale","11":"shipping-taxable","12":"purchasable","13":"product-type-simple"},"_links":{"self":[{"href":"https:\/\/sweetcanada.ca\/fr\/wp-json\/wp\/v2\/product\/763","targetHints":{"allow":["GET"]}}],"collection":[{"href":"https:\/\/sweetcanada.ca\/fr\/wp-json\/wp\/v2\/product"}],"about":[{"href":"https:\/\/sweetcanada.ca\/fr\/wp-json\/wp\/v2\/types\/product"}],"replies":[{"embeddable":true,"href":"https:\/\/sweetcanada.ca\/fr\/wp-json\/wp\/v2\/comments?post=763"}],"wp:featuredmedia":[{"embeddable":true,"href":"https:\/\/sweetcanada.ca\/fr\/wp-json\/wp\/v2\/media\/768"}],"wp:attachment":[{"href":"https:\/\/sweetcanada.ca\/fr\/wp-json\/wp\/v2\/media?parent=763"}],"wp:term":[{"taxonomy":"product_brand","embeddable":true,"href":"https:\/\/sweetcanada.ca\/fr\/wp-json\/wp\/v2\/product_brand?post=763"},{"taxonomy":"product_cat","embeddable":true,"href":"https:\/\/sweetcanada.ca\/fr\/wp-json\/wp\/v2\/product_cat?post=763"},{"taxonomy":"product_tag","embeddable":true,"href":"https:\/\/sweetcanada.ca\/fr\/wp-json\/wp\/v2\/product_tag?post=763"}],"curies":[{"name":"wp","href":"https:\/\/api.w.org\/{rel}","templated":true}]}}