{"id":638,"date":"2025-10-30T14:18:07","date_gmt":"2025-10-30T14:18:07","guid":{"rendered":"https:\/\/sweetcanada.ca\/?post_type=product&#038;p=638"},"modified":"2025-10-30T14:18:07","modified_gmt":"2025-10-30T14:18:07","slug":"custom-branded-baskets","status":"publish","type":"product","link":"https:\/\/sweetcanada.ca\/fr\/produit\/custom-branded-baskets\/","title":{"rendered":"Paniers personnalis\u00e9s"},"content":{"rendered":"<p data-start=\"665\" data-end=\"992\">Montrez votre reconnaissance d'une mani\u00e8re qui refl\u00e8te vraiment votre marque.<br data-start=\"728\" data-end=\"731\" \/>Au <strong data-start=\"734\" data-end=\"750\">Sweet Canada<\/strong>, notre <em data-start=\"756\" data-end=\"780\">Paniers personnalis\u00e9s<\/em> sont con\u00e7us pour laisser une impression durable. Qu'il s'agisse de c\u00e9l\u00e9brer une \u00e9tape importante, d'accueillir de nouveaux clients ou de r\u00e9compenser votre \u00e9quipe, nos concepteurs experts adapteront chaque d\u00e9tail \u00e0 l'identit\u00e9 de votre entreprise.<\/p>\n<p data-start=\"994\" data-end=\"1341\">De l'ajout de votre <strong data-start=\"1011\" data-end=\"1047\">logo, couleurs et message personnalis\u00e9<\/strong>, Les entreprises peuvent \u00e9galement choisir parmi notre large gamme de produits et de services. <strong data-start=\"1085\" data-end=\"1154\">friandises, chocolats, snacks et d\u00e9lices gastronomiques canadiens de premi\u00e8re qualit\u00e9<\/strong>, Gr\u00e2ce \u00e0 notre savoir-faire, nous veillons \u00e0 ce que chaque panier parle le langage de votre marque. Chaque panier est emball\u00e9 \u00e0 la main avec soin et joliment pr\u00e9sent\u00e9 - parfait pour les conf\u00e9rences, les campagnes promotionnelles ou les cadeaux de fin d'ann\u00e9e.<\/p>\n<p data-start=\"1343\" data-end=\"1556\">Nous proposons \u00e9galement <strong data-start=\"1357\" data-end=\"1399\">inserts, rubans et emballages personnalis\u00e9s<\/strong> pour s'aligner sur vos objectifs de marketing. Que vous soyez une petite entreprise ou une grande soci\u00e9t\u00e9, nous rendons le processus simple, efficace et enti\u00e8rement personnalis\u00e9.<\/p>\n<p data-start=\"1558\" data-end=\"1716\">\ud83d\udce7 <strong data-start=\"1561\" data-end=\"1583\">Commencez d\u00e8s aujourd'hui :<\/strong> <a class=\"decorated-link cursor-pointer\" rel=\"noopener\" data-start=\"1584\" data-end=\"1633\">info@sweetcanada.ca<\/a><br data-start=\"1633\" data-end=\"1636\" \/>Cr\u00e9ons un panier de marque qui laissera une douce impression \u00e0 chaque destinataire.<\/p>","protected":false},"excerpt":{"rendered":"<p data-start=\"331\" data-end=\"622\">Rendez chaque cadeau inoubliable gr\u00e2ce \u00e0 notre <em data-start=\"370\" data-end=\"394\">Paniers personnalis\u00e9s<\/em>. Chez Sweet Canada, nous aidons votre entreprise \u00e0 briller en ajoutant votre logo, vos couleurs et votre message \u00e0 des paniers-cadeaux de qualit\u00e9 sup\u00e9rieure. Parfaits pour les \u00e9v\u00e9nements d'entreprise, l'appr\u00e9ciation des clients et les c\u00e9l\u00e9brations des employ\u00e9s, ils sont confectionn\u00e9s avec soin et avec une touche canadienne.<\/p>\n<h3 data-start=\"624\" data-end=\"664\"><\/h3>","protected":false},"featured_media":631,"comment_status":"open","ping_status":"closed","template":"","meta":[],"product_brand":[],"product_cat":[21],"product_tag":[],"class_list":{"0":"post-638","1":"product","2":"type-product","3":"status-publish","4":"has-post-thumbnail","6":"product_cat-artisanal","8":"first","9":"instock","10":"sale","11":"shipping-taxable","12":"purchasable","13":"product-type-simple"},"_links":{"self":[{"href":"https:\/\/sweetcanada.ca\/fr\/wp-json\/wp\/v2\/product\/638","targetHints":{"allow":["GET"]}}],"collection":[{"href":"https:\/\/sweetcanada.ca\/fr\/wp-json\/wp\/v2\/product"}],"about":[{"href":"https:\/\/sweetcanada.ca\/fr\/wp-json\/wp\/v2\/types\/product"}],"replies":[{"embeddable":true,"href":"https:\/\/sweetcanada.ca\/fr\/wp-json\/wp\/v2\/comments?post=638"}],"wp:featuredmedia":[{"embeddable":true,"href":"https:\/\/sweetcanada.ca\/fr\/wp-json\/wp\/v2\/media\/631"}],"wp:attachment":[{"href":"https:\/\/sweetcanada.ca\/fr\/wp-json\/wp\/v2\/media?parent=638"}],"wp:term":[{"taxonomy":"product_brand","embeddable":true,"href":"https:\/\/sweetcanada.ca\/fr\/wp-json\/wp\/v2\/product_brand?post=638"},{"taxonomy":"product_cat","embeddable":true,"href":"https:\/\/sweetcanada.ca\/fr\/wp-json\/wp\/v2\/product_cat?post=638"},{"taxonomy":"product_tag","embeddable":true,"href":"https:\/\/sweetcanada.ca\/fr\/wp-json\/wp\/v2\/product_tag?post=638"}],"curies":[{"name":"wp","href":"https:\/\/api.w.org\/{rel}","templated":true}]}}