{"id":637,"date":"2025-10-30T14:16:40","date_gmt":"2025-10-30T14:16:40","guid":{"rendered":"https:\/\/sweetcanada.ca\/?post_type=product&#038;p=637"},"modified":"2025-10-30T14:16:54","modified_gmt":"2025-10-30T14:16:54","slug":"bulk-orders-50","status":"publish","type":"product","link":"https:\/\/sweetcanada.ca\/fr\/produit\/bulk-orders-50\/","title":{"rendered":"Commandes en gros (50+)"},"content":{"rendered":"<p data-start=\"709\" data-end=\"1024\">Au <strong data-start=\"712\" data-end=\"728\">Sweet Canada<\/strong>, Gr\u00e2ce \u00e0 nous, les cadeaux d'entreprise sont faciles \u00e0 r\u00e9aliser, \u00e9l\u00e9gants et m\u00e9morables, m\u00eame \u00e0 grande \u00e9chelle. Nos services <strong data-start=\"812\" data-end=\"833\">Commandes en gros (50+)<\/strong> est con\u00e7u pour les entreprises, les bureaux et les organisations qui souhaitent montrer leur reconnaissance, c\u00e9l\u00e9brer des \u00e9tapes importantes ou renforcer leurs relations gr\u00e2ce \u00e0 des paniers-cadeaux d\u00e9licieux et bien pens\u00e9s.<\/p>\n<p data-start=\"1026\" data-end=\"1513\">De <strong data-start=\"1031\" data-end=\"1049\">g\u00e2teries de vacances<\/strong> et <strong data-start=\"1054\" data-end=\"1082\">assortiments de snacks pour le bureau<\/strong> \u00e0 <strong data-start=\"1086\" data-end=\"1117\">paniers-cadeaux personnalis\u00e9s<\/strong>, Gr\u00e2ce \u00e0 notre savoir-faire, chaque commande est fabriqu\u00e9e avec des produits canadiens de premi\u00e8re qualit\u00e9 et une touche de douceur qui refl\u00e8te la gratitude et le professionnalisme de votre entreprise. Nous comprenons que le cadeau d'entreprise n'est pas qu'une question de friandises - il s'agit de cr\u00e9er une impression durable. C'est pourquoi nous offrons <strong data-start=\"1383\" data-end=\"1407\">options personnalis\u00e9es<\/strong> y compris des rubans, des cartes de v\u0153ux et des emballages de marque qui mettent en valeur le logo et le message de votre entreprise.<\/p>\n<p data-start=\"1515\" data-end=\"1809\">Que vous souhaitiez r\u00e9compenser des employ\u00e9s, remercier des clients ou c\u00e9l\u00e9brer des \u00e9v\u00e9nements saisonniers, notre \u00e9quipe s'occupe de tout, de la conception \u00e0 la livraison. Nous assurons une livraison rapide dans tout le Canada, de sorte que vos cadeaux arrivent frais et joliment pr\u00e9sent\u00e9s, peu importe o\u00f9 se trouvent vos destinataires.<\/p>\n<p data-start=\"1811\" data-end=\"1981\">Avec <strong data-start=\"1816\" data-end=\"1837\">commande flexible<\/strong>, <strong data-start=\"1839\" data-end=\"1860\">tarification des entreprises<\/strong>, et <strong data-start=\"1866\" data-end=\"1884\">options personnalis\u00e9es<\/strong>, Avec Sweet Canada, il est facile d'organiser des campagnes de dons \u00e0 grande \u00e9chelle avec une touche personnelle.<\/p>\n<p data-start=\"1983\" data-end=\"2004\">\ud83d\udce6 <strong data-start=\"1986\" data-end=\"2002\">Parfait pour :<\/strong><\/p>\n<ul data-start=\"2005\" data-end=\"2140\">\n<li data-start=\"2005\" data-end=\"2039\">\n<p data-start=\"2007\" data-end=\"2039\">Programmes d'appr\u00e9ciation des employ\u00e9s<\/p>\n<\/li>\n<li data-start=\"2040\" data-end=\"2066\">\n<p data-start=\"2042\" data-end=\"2066\">Cadeaux de remerciement pour les clients<\/p>\n<\/li>\n<li data-start=\"2067\" data-end=\"2097\">\n<p data-start=\"2069\" data-end=\"2097\">Cadeaux pour les f\u00eates ou les \u00e9v\u00e9nements<\/p>\n<\/li>\n<li data-start=\"2098\" data-end=\"2140\">\n<p data-start=\"2100\" data-end=\"2140\">Conf\u00e9rences et c\u00e9l\u00e9brations d'entreprise<\/p>\n<\/li>\n<\/ul>\n<p data-start=\"2142\" data-end=\"2307\">\ud83d\udc49 <strong data-start=\"2145\" data-end=\"2165\">Contactez-nous d\u00e8s aujourd'hui<\/strong> \u00e0 <strong data-start=\"2169\" data-end=\"2192\"><a class=\"decorated-link cursor-pointer\" rel=\"noopener\" data-start=\"2171\" data-end=\"2190\">info@sweetcanada.ca<\/a><\/strong> pour discuter de votre commande en gros (plus de 50 paniers) et laissez Sweet Canada rendre votre prochain cadeau d'entreprise vraiment inoubliable.<\/p>","protected":false},"excerpt":{"rendered":"<p data-start=\"303\" data-end=\"659\">Rendez chaque moment de travail plus agr\u00e9able avec <em data-start=\"343\" data-end=\"381\">Commandes group\u00e9es des entreprises de Sweet Canada<\/em>. Parfaits pour r\u00e9compenser les employ\u00e9s, remercier les clients ou offrir des cadeaux de f\u00eate, nos paniers de qualit\u00e9 sup\u00e9rieure peuvent \u00eatre personnalis\u00e9s pour correspondre \u00e0 votre marque ou \u00e0 votre \u00e9v\u00e9nement. Que vous en envoyiez 50 ou 500, nous nous assurons que chaque panier est magnifiquement emball\u00e9 et livr\u00e9 partout au Canada avec soin et constance.<\/p>","protected":false},"featured_media":630,"comment_status":"open","ping_status":"closed","template":"","meta":[],"product_brand":[],"product_cat":[21],"product_tag":[],"class_list":{"0":"post-637","1":"product","2":"type-product","3":"status-publish","4":"has-post-thumbnail","6":"product_cat-artisanal","8":"first","9":"instock","10":"sale","11":"shipping-taxable","12":"purchasable","13":"product-type-simple"},"_links":{"self":[{"href":"https:\/\/sweetcanada.ca\/fr\/wp-json\/wp\/v2\/product\/637","targetHints":{"allow":["GET"]}}],"collection":[{"href":"https:\/\/sweetcanada.ca\/fr\/wp-json\/wp\/v2\/product"}],"about":[{"href":"https:\/\/sweetcanada.ca\/fr\/wp-json\/wp\/v2\/types\/product"}],"replies":[{"embeddable":true,"href":"https:\/\/sweetcanada.ca\/fr\/wp-json\/wp\/v2\/comments?post=637"}],"wp:featuredmedia":[{"embeddable":true,"href":"https:\/\/sweetcanada.ca\/fr\/wp-json\/wp\/v2\/media\/630"}],"wp:attachment":[{"href":"https:\/\/sweetcanada.ca\/fr\/wp-json\/wp\/v2\/media?parent=637"}],"wp:term":[{"taxonomy":"product_brand","embeddable":true,"href":"https:\/\/sweetcanada.ca\/fr\/wp-json\/wp\/v2\/product_brand?post=637"},{"taxonomy":"product_cat","embeddable":true,"href":"https:\/\/sweetcanada.ca\/fr\/wp-json\/wp\/v2\/product_cat?post=637"},{"taxonomy":"product_tag","embeddable":true,"href":"https:\/\/sweetcanada.ca\/fr\/wp-json\/wp\/v2\/product_tag?post=637"}],"curies":[{"name":"wp","href":"https:\/\/api.w.org\/{rel}","templated":true}]}}