{"id":635,"date":"2025-10-30T14:14:43","date_gmt":"2025-10-30T14:14:43","guid":{"rendered":"https:\/\/sweetcanada.ca\/?post_type=product&#038;p=635"},"modified":"2025-10-30T14:14:43","modified_gmt":"2025-10-30T14:14:43","slug":"employee-appreciation","status":"publish","type":"product","link":"https:\/\/sweetcanada.ca\/fr\/produit\/employee-appreciation\/","title":{"rendered":"Appr\u00e9ciation des employ\u00e9s"},"content":{"rendered":"<p data-start=\"666\" data-end=\"1092\">Au <em data-start=\"718\" data-end=\"732\">Sweet Canada<\/em>, Nous sommes convaincus qu'un peu de reconnaissance fait beaucoup de bien. Notre <strong data-start=\"793\" data-end=\"831\">Paniers cadeaux d'appr\u00e9ciation des employ\u00e9s<\/strong> sont con\u00e7us pour vous aider \u00e0 reconna\u00eetre les personnes qui font prosp\u00e9rer votre entreprise. Chaque panier est soigneusement compos\u00e9 d'un assortiment de chocolats de qualit\u00e9 sup\u00e9rieure, de biscuits, de collations artisanales, de th\u00e9s et d'autres produits canadiens pr\u00e9f\u00e9r\u00e9s - joliment emball\u00e9s et pr\u00eats \u00e0 impressionner.<\/p>\n<p data-start=\"1094\" data-end=\"1443\">Qu'il s'agisse de c\u00e9l\u00e9brer une \u00e9tape importante de l'entreprise, de reconna\u00eetre des performances exceptionnelles ou de r\u00e9pandre la positivit\u00e9 pendant les f\u00eates, ces paniers-cadeaux offrent une mani\u00e8re personnelle et significative de dire : \"Je suis heureux d'\u00eatre ici\". <em data-start=\"1286\" data-end=\"1297\">merci<\/em>. Vous pouvez choisir parmi une vari\u00e9t\u00e9 de styles pour r\u00e9pondre aux go\u00fbts de votre \u00e9quipe - des assortiments sucr\u00e9s indulgents aux options saines et ax\u00e9es sur le bien-\u00eatre.<\/p>\n<p data-start=\"1445\" data-end=\"1635\">Pour les \u00e9quipes plus importantes, nous proposons \u00e9galement <strong data-start=\"1477\" data-end=\"1501\">remises sur les commandes group\u00e9es<\/strong> et <strong data-start=\"1506\" data-end=\"1525\">marquage personnalis\u00e9<\/strong> vous permettant d'inclure le logo de votre entreprise ou un message personnalis\u00e9 pour une touche professionnelle suppl\u00e9mentaire.<\/p>\n<p data-start=\"1637\" data-end=\"1847\">Livraison rapide dans tout le Canada, <em data-start=\"1671\" data-end=\"1685\">Sweet Canada<\/em> permet d'offrir des cadeaux aux employ\u00e9s sans effort et en toute sinc\u00e9rit\u00e9. R\u00e9compensez le d\u00e9vouement, c\u00e9l\u00e9brez les r\u00e9alisations et renforcez votre culture d'entreprise - un panier sucr\u00e9 \u00e0 la fois.<\/p>","protected":false},"excerpt":{"rendered":"<p data-start=\"218\" data-end=\"659\">Montrez \u00e0 votre \u00e9quipe \u00e0 quel point elle est appr\u00e9ci\u00e9e avec nos paniers-cadeaux d'appr\u00e9ciation des employ\u00e9s. Ces paniers sont parfaits pour c\u00e9l\u00e9brer les \u00e9tapes importantes, r\u00e9compenser le travail acharn\u00e9 ou simplement dire \u201cmerci\u201d. Envoyez un geste de gratitude qui fera en sorte que chaque employ\u00e9 se sente vraiment appr\u00e9ci\u00e9 - parce que les grandes \u00e9quipes m\u00e9ritent quelque chose de sucr\u00e9 !<\/p>","protected":false},"featured_media":633,"comment_status":"open","ping_status":"closed","template":"","meta":[],"product_brand":[],"product_cat":[21],"product_tag":[],"class_list":{"0":"post-635","1":"product","2":"type-product","3":"status-publish","4":"has-post-thumbnail","6":"product_cat-artisanal","8":"first","9":"instock","10":"sale","11":"shipping-taxable","12":"purchasable","13":"product-type-simple"},"_links":{"self":[{"href":"https:\/\/sweetcanada.ca\/fr\/wp-json\/wp\/v2\/product\/635","targetHints":{"allow":["GET"]}}],"collection":[{"href":"https:\/\/sweetcanada.ca\/fr\/wp-json\/wp\/v2\/product"}],"about":[{"href":"https:\/\/sweetcanada.ca\/fr\/wp-json\/wp\/v2\/types\/product"}],"replies":[{"embeddable":true,"href":"https:\/\/sweetcanada.ca\/fr\/wp-json\/wp\/v2\/comments?post=635"}],"wp:featuredmedia":[{"embeddable":true,"href":"https:\/\/sweetcanada.ca\/fr\/wp-json\/wp\/v2\/media\/633"}],"wp:attachment":[{"href":"https:\/\/sweetcanada.ca\/fr\/wp-json\/wp\/v2\/media?parent=635"}],"wp:term":[{"taxonomy":"product_brand","embeddable":true,"href":"https:\/\/sweetcanada.ca\/fr\/wp-json\/wp\/v2\/product_brand?post=635"},{"taxonomy":"product_cat","embeddable":true,"href":"https:\/\/sweetcanada.ca\/fr\/wp-json\/wp\/v2\/product_cat?post=635"},{"taxonomy":"product_tag","embeddable":true,"href":"https:\/\/sweetcanada.ca\/fr\/wp-json\/wp\/v2\/product_tag?post=635"}],"curies":[{"name":"wp","href":"https:\/\/api.w.org\/{rel}","templated":true}]}}