{"id":557,"date":"2025-10-30T13:34:27","date_gmt":"2025-10-30T13:34:27","guid":{"rendered":"https:\/\/sweetcanada.ca\/?post_type=product&#038;p=557"},"modified":"2025-10-30T13:34:27","modified_gmt":"2025-10-30T13:34:27","slug":"dairy-free-baskets","status":"publish","type":"product","link":"https:\/\/sweetcanada.ca\/fr\/produit\/dairy-free-baskets\/","title":{"rendered":"Paniers sans produits laitiers"},"content":{"rendered":"<p data-start=\"633\" data-end=\"1019\">D\u00e9couvrez les joies de l'indulgence sans compromis. \u00c0 l'adresse <em data-start=\"727\" data-end=\"741\">Sweet Canada<\/em>, notre <strong data-start=\"747\" data-end=\"774\">Paniers-cadeaux sans produits laitiers<\/strong> sont remplis de friandises de premi\u00e8re qualit\u00e9, sans produits laitiers, fabriqu\u00e9es \u00e0 partir d'ingr\u00e9dients sains et d'origine v\u00e9g\u00e9tale. Chaque panier comprend un assortiment de chocolats, de biscuits, de th\u00e9s et de snacks gourmands con\u00e7us pour offrir une saveur riche sans aucun d\u00e9riv\u00e9 du lait ou des produits laitiers.<\/p>\n<p data-start=\"1021\" data-end=\"1373\">Que vous souhaitiez offrir un cadeau \u00e0 une personne ayant des sensibilit\u00e9s alimentaires, c\u00e9l\u00e9brer une occasion sp\u00e9ciale ou simplement r\u00e9pandre un peu de douceur, ces paniers offrent une option d\u00e9licieuse et inclusive pour tout le monde. Emball\u00e9s avec soin et magnifiquement pr\u00e9sent\u00e9s, nos paniers sans produits laitiers sont parfaits pour les anniversaires, les f\u00eates, les cadeaux d'entreprise ou les moments \u201cjuste parce que\u201d.<\/p>\n<p data-start=\"1375\" data-end=\"1468\">Envoyez de l'amour, de la sant\u00e9 et de la douceur - le tout dans un d\u00e9licieux panier, fi\u00e8rement con\u00e7u au Canada.<\/p>","protected":false},"excerpt":{"rendered":"<p data-start=\"284\" data-end=\"626\">Profitez de d\u00e9licieuses g\u00e2teries sans produits laitiers ! Nos paniers sans produits laitiers sont soigneusement s\u00e9lectionn\u00e9s avec des chocolats, des biscuits, des collations et des produits gourmets faits d'ingr\u00e9dients \u00e0 base de plantes. Parfait pour les personnes souffrant d'intol\u00e9rance au lactose ou ayant un mode de vie sans produits laitiers - c'est un cadeau attentionn\u00e9 et sans souci que tout le monde peut appr\u00e9cier.<\/p>","protected":false},"featured_media":551,"comment_status":"open","ping_status":"closed","template":"","meta":[],"product_brand":[],"product_cat":[21],"product_tag":[],"class_list":{"0":"post-557","1":"product","2":"type-product","3":"status-publish","4":"has-post-thumbnail","6":"product_cat-artisanal","8":"first","9":"instock","10":"sale","11":"shipping-taxable","12":"purchasable","13":"product-type-simple"},"_links":{"self":[{"href":"https:\/\/sweetcanada.ca\/fr\/wp-json\/wp\/v2\/product\/557","targetHints":{"allow":["GET"]}}],"collection":[{"href":"https:\/\/sweetcanada.ca\/fr\/wp-json\/wp\/v2\/product"}],"about":[{"href":"https:\/\/sweetcanada.ca\/fr\/wp-json\/wp\/v2\/types\/product"}],"replies":[{"embeddable":true,"href":"https:\/\/sweetcanada.ca\/fr\/wp-json\/wp\/v2\/comments?post=557"}],"wp:featuredmedia":[{"embeddable":true,"href":"https:\/\/sweetcanada.ca\/fr\/wp-json\/wp\/v2\/media\/551"}],"wp:attachment":[{"href":"https:\/\/sweetcanada.ca\/fr\/wp-json\/wp\/v2\/media?parent=557"}],"wp:term":[{"taxonomy":"product_brand","embeddable":true,"href":"https:\/\/sweetcanada.ca\/fr\/wp-json\/wp\/v2\/product_brand?post=557"},{"taxonomy":"product_cat","embeddable":true,"href":"https:\/\/sweetcanada.ca\/fr\/wp-json\/wp\/v2\/product_cat?post=557"},{"taxonomy":"product_tag","embeddable":true,"href":"https:\/\/sweetcanada.ca\/fr\/wp-json\/wp\/v2\/product_tag?post=557"}],"curies":[{"name":"wp","href":"https:\/\/api.w.org\/{rel}","templated":true}]}}