{"id":555,"date":"2025-10-30T13:32:08","date_gmt":"2025-10-30T13:32:08","guid":{"rendered":"https:\/\/sweetcanada.ca\/?post_type=product&#038;p=555"},"modified":"2025-10-30T13:32:08","modified_gmt":"2025-10-30T13:32:08","slug":"gluten-free-baskets","status":"publish","type":"product","link":"https:\/\/sweetcanada.ca\/fr\/produit\/gluten-free-baskets\/","title":{"rendered":"Paniers sans gluten"},"content":{"rendered":"<p data-start=\"584\" data-end=\"877\">C\u00e9l\u00e9brez la saveur et l'attention avec notre <strong data-start=\"619\" data-end=\"642\">Paniers sans gluten<\/strong>, Les paniers sont sp\u00e9cialement con\u00e7us pour les personnes qui pr\u00e9f\u00e8rent ou doivent adopter un mode de vie sans gluten. Chaque panier est rempli de <strong data-start=\"747\" data-end=\"789\">des produits de qualit\u00e9 sup\u00e9rieure, certifi\u00e9s sans gluten<\/strong> - des chips croustillantes et des biscuits gourmands aux chocolats d\u00e9cadents et aux en-cas sains.<\/p>\n<p data-start=\"879\" data-end=\"1188\">Que vous envoyiez un cadeau attentionn\u00e9 \u00e0 un \u00eatre cher ou que vous vous fassiez plaisir, ces paniers offrent une grande vari\u00e9t\u00e9 de produits et de services. <strong data-start=\"979\" data-end=\"1010\">un plaisir s\u00fbr et sans souci<\/strong> sans sacrifier le go\u00fbt. Parfaites pour les anniversaires, les f\u00eates, les cadeaux d'entreprise ou tout simplement parce que - nos collections sans gluten apportent de la douceur et de l'inclusivit\u00e9 \u00e0 chaque occasion.<\/p>\n<p data-start=\"1190\" data-end=\"1368\">Au <strong data-start=\"1193\" data-end=\"1209\">Sweet Canada<\/strong>, Nous veillons \u00e0 ce que chaque panier sans gluten soit <strong data-start=\"1249\" data-end=\"1312\">joliment emball\u00e9s, soumis \u00e0 un contr\u00f4le de qualit\u00e9 et d'inspiration locale<\/strong>, Il s'agit donc d'un cadeau d\u00e9licieusement attentionn\u00e9 dans tout le Canada.<\/p>","protected":false},"excerpt":{"rendered":"<p data-start=\"273\" data-end=\"504\">Appr\u00e9ciez les bienfaits de l'indulgence sans gluten avec nos paniers-cadeaux sans gluten. Remplis de d\u00e9licieuses collations, biscuits et g\u00e2teries certifi\u00e9s sans gluten - parfaits pour tous ceux qui aiment la saveur sans compromis.<\/p>","protected":false},"featured_media":554,"comment_status":"open","ping_status":"closed","template":"","meta":[],"product_brand":[],"product_cat":[21],"product_tag":[],"class_list":{"0":"post-555","1":"product","2":"type-product","3":"status-publish","4":"has-post-thumbnail","6":"product_cat-artisanal","8":"first","9":"instock","10":"sale","11":"shipping-taxable","12":"purchasable","13":"product-type-simple"},"_links":{"self":[{"href":"https:\/\/sweetcanada.ca\/fr\/wp-json\/wp\/v2\/product\/555","targetHints":{"allow":["GET"]}}],"collection":[{"href":"https:\/\/sweetcanada.ca\/fr\/wp-json\/wp\/v2\/product"}],"about":[{"href":"https:\/\/sweetcanada.ca\/fr\/wp-json\/wp\/v2\/types\/product"}],"replies":[{"embeddable":true,"href":"https:\/\/sweetcanada.ca\/fr\/wp-json\/wp\/v2\/comments?post=555"}],"wp:featuredmedia":[{"embeddable":true,"href":"https:\/\/sweetcanada.ca\/fr\/wp-json\/wp\/v2\/media\/554"}],"wp:attachment":[{"href":"https:\/\/sweetcanada.ca\/fr\/wp-json\/wp\/v2\/media?parent=555"}],"wp:term":[{"taxonomy":"product_brand","embeddable":true,"href":"https:\/\/sweetcanada.ca\/fr\/wp-json\/wp\/v2\/product_brand?post=555"},{"taxonomy":"product_cat","embeddable":true,"href":"https:\/\/sweetcanada.ca\/fr\/wp-json\/wp\/v2\/product_cat?post=555"},{"taxonomy":"product_tag","embeddable":true,"href":"https:\/\/sweetcanada.ca\/fr\/wp-json\/wp\/v2\/product_tag?post=555"}],"curies":[{"name":"wp","href":"https:\/\/api.w.org\/{rel}","templated":true}]}}