{"id":863,"date":"2025-11-07T12:07:22","date_gmt":"2025-11-07T12:07:22","guid":{"rendered":"https:\/\/sweetcanada.ca\/?page_id=863"},"modified":"2025-11-07T12:48:25","modified_gmt":"2025-11-07T12:48:25","slug":"about-us","status":"publish","type":"page","link":"https:\/\/sweetcanada.ca\/fr\/about-us\/","title":{"rendered":"\u00c0 Propos"},"content":{"rendered":"<div data-elementor-type=\"wp-page\" data-elementor-id=\"863\" class=\"elementor elementor-863\" data-elementor-settings=\"{&quot;ha_cmc_init_switcher&quot;:&quot;no&quot;}\" data-elementor-post-type=\"page\">\n\t\t\t\t<div class=\"elementor-element elementor-element-cbfa934 wd-section-stretch e-flex e-con-boxed e-con e-parent\" data-id=\"cbfa934\" data-element_type=\"container\" data-e-type=\"container\" data-settings=\"{&quot;background_background&quot;:&quot;classic&quot;,&quot;_ha_eqh_enable&quot;:false}\">\n\t\t\t\t\t<div class=\"e-con-inner\">\n\t\t\t\t<div class=\"elementor-element elementor-element-01f259d elementor-widget elementor-widget-heading\" data-id=\"01f259d\" data-element_type=\"widget\" data-e-type=\"widget\" data-widget_type=\"heading.default\">\n\t\t\t\t\t<h2 class=\"elementor-heading-title elementor-size-default\">\u00c0 Propos<\/h2>\t\t\t\t<\/div>\n\t\t\t\t\t<\/div>\n\t\t\t\t<\/div>\n\t\t<div class=\"elementor-element elementor-element-7739792 wd-section-stretch e-flex e-con-boxed e-con e-parent\" data-id=\"7739792\" data-element_type=\"container\" data-e-type=\"container\" data-settings=\"{&quot;_ha_eqh_enable&quot;:false}\">\n\t\t\t\t\t<div class=\"e-con-inner\">\n\t\t<div class=\"elementor-element elementor-element-d23e375 e-con-full e-flex e-con e-child\" data-id=\"d23e375\" data-element_type=\"container\" data-e-type=\"container\" data-settings=\"{&quot;_ha_eqh_enable&quot;:false}\">\n\t\t\t\t<div class=\"elementor-element elementor-element-18ed531 elementor-widget__width-initial elementor-widget elementor-widget-heading\" data-id=\"18ed531\" data-element_type=\"widget\" data-e-type=\"widget\" data-widget_type=\"heading.default\">\n\t\t\t\t\t<h2 class=\"elementor-heading-title elementor-size-default\">Notre passion pour la qualit\u00e9 et la bont\u00e9 canadienne<\/h2>\t\t\t\t<\/div>\n\t\t\t\t<div class=\"elementor-element elementor-element-79741a4 elementor-widget__width-initial color-scheme-inherit text-left elementor-widget elementor-widget-text-editor\" data-id=\"79741a4\" data-element_type=\"widget\" data-e-type=\"widget\" data-widget_type=\"text-editor.default\">\n\t\t\t\t\t\t\t\t\t<p>Chez Sweet Canada, nous sommes fiers de n'offrir que ce qu'il y a de mieux - des g\u00e2teries canadiennes tri\u00e9es sur le volet aux pr\u00e9sentations soigneusement con\u00e7ues pour ravir chaque destinataire. Chaque panier refl\u00e8te notre engagement \u00e0 l'\u00e9gard de la qualit\u00e9, de la fra\u00eecheur et de l'authenticit\u00e9. Nous collaborons avec des marques locales de confiance pour mettre en valeur le vrai go\u00fbt du Canada, en veillant \u00e0 ce que chaque cadeau incarne la chaleur, l'excellence et l'attention v\u00e9ritable. Avec chaque panier, nous partageons un petit morceau de l'esprit le plus doux du Canada.<\/p><p data-start=\"350\" data-end=\"384\"><strong data-start=\"350\" data-end=\"382\">Ce qui distingue notre qualit\u00e9 :<\/strong><\/p>\t\t\t\t\t\t\t\t<\/div>\n\t\t\t\t<div class=\"elementor-element elementor-element-bfff13b elementor-icon-list--layout-traditional elementor-list-item-link-full_width elementor-widget elementor-widget-icon-list\" data-id=\"bfff13b\" data-element_type=\"widget\" data-e-type=\"widget\" data-widget_type=\"icon-list.default\">\n\t\t\t\t\t\t\t<ul class=\"elementor-icon-list-items\">\n\t\t\t\t\t\t\t<li class=\"elementor-icon-list-item\">\n\t\t\t\t\t\t\t\t\t\t\t<span class=\"elementor-icon-list-icon\">\n\t\t\t\t\t\t\t<svg aria-hidden=\"true\" class=\"e-font-icon-svg e-fas-check\" viewbox=\"0 0 512 512\" xmlns=\"http:\/\/www.w3.org\/2000\/svg\"><path d=\"M173.898 439.404l-166.4-166.4c-9.997-9.997-9.997-26.206 0-36.204l36.203-36.204c9.997-9.998 26.207-9.998 36.204 0L192 312.69 432.095 72.596c9.997-9.997 26.207-9.997 36.204 0l36.203 36.204c9.997 9.997 9.997 26.206 0 36.204l-294.4 294.401c-9.998 9.997-26.207 9.997-36.204-.001z\"><\/path><\/svg>\t\t\t\t\t\t<\/span>\n\t\t\t\t\t\t\t\t\t\t<span class=\"elementor-icon-list-text\">Bonnes choses d'origine locale<\/span>\n\t\t\t\t\t\t\t\t\t<\/li>\n\t\t\t\t\t\t\t\t<li class=\"elementor-icon-list-item\">\n\t\t\t\t\t\t\t\t\t\t\t<span class=\"elementor-icon-list-icon\">\n\t\t\t\t\t\t\t<svg aria-hidden=\"true\" class=\"e-font-icon-svg e-fas-check\" viewbox=\"0 0 512 512\" xmlns=\"http:\/\/www.w3.org\/2000\/svg\"><path d=\"M173.898 439.404l-166.4-166.4c-9.997-9.997-9.997-26.206 0-36.204l36.203-36.204c9.997-9.998 26.207-9.998 36.204 0L192 312.69 432.095 72.596c9.997-9.997 26.207-9.997 36.204 0l36.203 36.204c9.997 9.997 9.997 26.206 0 36.204l-294.4 294.401c-9.998 9.997-26.207 9.997-36.204-.001z\"><\/path><\/svg>\t\t\t\t\t\t<\/span>\n\t\t\t\t\t\t\t\t\t\t<span class=\"elementor-icon-list-text\">L'excellence artisanale<\/span>\n\t\t\t\t\t\t\t\t\t<\/li>\n\t\t\t\t\t\t\t\t<li class=\"elementor-icon-list-item\">\n\t\t\t\t\t\t\t\t\t\t\t<span class=\"elementor-icon-list-icon\">\n\t\t\t\t\t\t\t<svg aria-hidden=\"true\" class=\"e-font-icon-svg e-fas-check\" viewbox=\"0 0 512 512\" xmlns=\"http:\/\/www.w3.org\/2000\/svg\"><path d=\"M173.898 439.404l-166.4-166.4c-9.997-9.997-9.997-26.206 0-36.204l36.203-36.204c9.997-9.998 26.207-9.998 36.204 0L192 312.69 432.095 72.596c9.997-9.997 26.207-9.997 36.204 0l36.203 36.204c9.997 9.997 9.997 26.206 0 36.204l-294.4 294.401c-9.998 9.997-26.207 9.997-36.204-.001z\"><\/path><\/svg>\t\t\t\t\t\t<\/span>\n\t\t\t\t\t\t\t\t\t\t<span class=\"elementor-icon-list-text\">Fra\u00eecheur garantie<\/span>\n\t\t\t\t\t\t\t\t\t<\/li>\n\t\t\t\t\t\t<\/ul>\n\t\t\t\t\t\t<\/div>\n\t\t\t\t<\/div>\n\t\t<div class=\"elementor-element elementor-element-6b5cf55 e-con-full e-flex e-con e-child\" data-id=\"6b5cf55\" data-element_type=\"container\" data-e-type=\"container\" data-settings=\"{&quot;background_background&quot;:&quot;classic&quot;,&quot;_ha_eqh_enable&quot;:false}\">\n\t\t\t\t<div class=\"elementor-element elementor-element-a4370ce elementor-widget elementor-widget-spacer\" data-id=\"a4370ce\" data-element_type=\"widget\" data-e-type=\"widget\" data-widget_type=\"spacer.default\">\n\t\t\t\t\t\t\t<div class=\"elementor-spacer\">\n\t\t\t<div class=\"elementor-spacer-inner\"><\/div>\n\t\t<\/div>\n\t\t\t\t\t\t<\/div>\n\t\t\t\t<\/div>\n\t\t\t\t\t<\/div>\n\t\t\t\t<\/div>\n\t\t<div class=\"elementor-element elementor-element-2ecc21b wd-section-stretch e-flex e-con-boxed e-con e-parent\" data-id=\"2ecc21b\" data-element_type=\"container\" data-e-type=\"container\" data-settings=\"{&quot;background_background&quot;:&quot;classic&quot;,&quot;_ha_eqh_enable&quot;:false}\">\n\t\t\t\t\t<div class=\"e-con-inner\">\n\t\t<div class=\"elementor-element elementor-element-96c17fd e-con-full e-flex e-con e-child\" data-id=\"96c17fd\" data-element_type=\"container\" data-e-type=\"container\" data-settings=\"{&quot;background_background&quot;:&quot;classic&quot;,&quot;_ha_eqh_enable&quot;:false}\">\n\t\t\t\t<div class=\"elementor-element elementor-element-433de3f elementor-widget__width-initial elementor-widget elementor-widget-heading\" data-id=\"433de3f\" data-element_type=\"widget\" data-e-type=\"widget\" data-widget_type=\"heading.default\">\n\t\t\t\t\t<h2 class=\"elementor-heading-title elementor-size-default\">Notre mission<\/h2>\t\t\t\t<\/div>\n\t\t\t\t<div class=\"elementor-element elementor-element-d41bba0 color-scheme-inherit text-left elementor-widget elementor-widget-text-editor\" data-id=\"d41bba0\" data-element_type=\"widget\" data-e-type=\"widget\" data-widget_type=\"text-editor.default\">\n\t\t\t\t\t\t\t\t\tChez Sweet Canada, notre mission est de r\u00e9pandre la joie et de cr\u00e9er des liens gr\u00e2ce \u00e0 des paniers-cadeaux magnifiquement confectionn\u00e9s et remplis de g\u00e2teries canadiennes de premi\u00e8re qualit\u00e9. Nous visons \u00e0 rendre chaque occasion sp\u00e9ciale en offrant de la qualit\u00e9, de la cr\u00e9ativit\u00e9 et de la douceur sinc\u00e8re - en apportant des sourires dans les foyers canadiens, un panier \u00e0 la fois.\t\t\t\t\t\t\t\t<\/div>\n\t\t\t\t<\/div>\n\t\t<div class=\"elementor-element elementor-element-09b4a73 e-con-full e-flex e-con e-child\" data-id=\"09b4a73\" data-element_type=\"container\" data-e-type=\"container\" data-settings=\"{&quot;background_background&quot;:&quot;classic&quot;,&quot;_ha_eqh_enable&quot;:false}\">\n\t\t\t\t<div class=\"elementor-element elementor-element-16252df elementor-widget__width-initial elementor-widget elementor-widget-heading\" data-id=\"16252df\" data-element_type=\"widget\" data-e-type=\"widget\" data-widget_type=\"heading.default\">\n\t\t\t\t\t<h2 class=\"elementor-heading-title elementor-size-default\">Notre vision<\/h2>\t\t\t\t<\/div>\n\t\t\t\t<div class=\"elementor-element elementor-element-e9ecc5e color-scheme-inherit text-left elementor-widget elementor-widget-text-editor\" data-id=\"e9ecc5e\" data-element_type=\"widget\" data-e-type=\"widget\" data-widget_type=\"text-editor.default\">\n\t\t\t\t\t\t\t\t\tDevenir l'entreprise de paniers-cadeaux la plus fiable et la plus appr\u00e9ci\u00e9e au Canada, en r\u00e9pandant le bonheur, les liens et la douceur dans tous les foyers et dans tous les c\u0153urs. Nous imaginons un monde o\u00f9 chaque occasion - des petites victoires aux grandes c\u00e9l\u00e9brations - est rendue plus m\u00e9morable gr\u00e2ce \u00e0 des cadeaux d\u00e9licieux et bien pens\u00e9s.\t\t\t\t\t\t\t\t<\/div>\n\t\t\t\t<\/div>\n\t\t\t\t\t<\/div>\n\t\t\t\t<\/div>\n\t\t<div class=\"elementor-element elementor-element-a5b11e3 wd-section-stretch e-flex e-con-boxed e-con e-parent\" data-id=\"a5b11e3\" data-element_type=\"container\" data-e-type=\"container\" data-settings=\"{&quot;_ha_eqh_enable&quot;:false}\">\n\t\t\t\t\t<div class=\"e-con-inner\">\n\t\t\t\t<div class=\"elementor-element elementor-element-a04b8b9 color-scheme-inherit text-left elementor-widget elementor-widget-text-editor\" data-id=\"a04b8b9\" data-element_type=\"widget\" data-e-type=\"widget\" data-widget_type=\"text-editor.default\">\n\t\t\t\t\t\t\t\t\t<h3><strong>Notre histoire<\/strong><\/h3><p>Sweet Canada est n\u00e9 d'une id\u00e9e simple : rendre les cadeaux attentionn\u00e9s plus faciles, plus significatifs et ind\u00e9niablement d\u00e9licieux. Depuis nos racines canadiennes, nous sommes devenus une marque qui c\u00e9l\u00e8bre les liens, l'amour et la joie du partage. Qu'il s'agisse d'une surprise d'anniversaire, d'une f\u00eate ou d'un moment \u201c juste parce que \u201d, nos paniers sont cr\u00e9\u00e9s pour que chaque destinataire se sente sp\u00e9cial.<\/p><h3><strong>Ce qui nous diff\u00e9rencie<\/strong><\/h3><p>\u25cf Qualit\u00e9 canadienne : Nous soutenons fi\u00e8rement les entreprises locales et proposons des friandises fabriqu\u00e9es au Canada dans la mesure du possible.<br \/>\u25cf Une fabrication soign\u00e9e : Chaque panier est emball\u00e9 \u00e0 la main avec soin, cr\u00e9ativit\u00e9 et attention aux d\u00e9tails.<br \/>\u25cf Il y en a pour tous les go\u00fbts : Des paniers de vacances aux paniers pour r\u00e9gimes sp\u00e9ciaux (c\u00e9to, v\u00e9g\u00e9talien, sans gluten) - il y a un cadeau parfait pour tous les go\u00fbts et toutes les occasions.<br \/>\u25cf Livr\u00e9 avec amour : Nous assurons une livraison rapide et fiable partout au Canada, de sorte que vos cadeaux arrivent frais, beaux et juste \u00e0 temps.<\/p><h3><strong>Notre promesse<\/strong><\/h3><p>Chez Sweet Canada, nous ne nous contentons pas d'envoyer des paniers - nous offrons du bonheur. Chaque cr\u00e9ation est le reflet de notre engagement \u00e0 l'\u00e9gard de la qualit\u00e9, de la pr\u00e9sentation et des cadeaux sinc\u00e8res. Que vous souhaitiez c\u00e9l\u00e9brer les moments les plus doux de la vie ou simplement montrer votre appr\u00e9ciation, nous sommes l\u00e0 pour vous aider \u00e0 partager la joie de la mani\u00e8re la plus douce qui soit.<\/p>\t\t\t\t\t\t\t\t<\/div>\n\t\t\t\t\t<\/div>\n\t\t\t\t<\/div>\n\t\t\t\t<\/div>","protected":false},"excerpt":{"rendered":"<p>About Us Our Passion for Quality and Canadian Goodness At Sweet Canada, we take pride in offering only the best<\/p>","protected":false},"author":1,"featured_media":0,"parent":0,"menu_order":0,"comment_status":"closed","ping_status":"closed","template":"elementor_header_footer","meta":{"footnotes":""},"class_list":["post-863","page","type-page","status-publish","hentry"],"_hostinger_reach_plugin_has_subscription_block":false,"_hostinger_reach_plugin_is_elementor":false,"_links":{"self":[{"href":"https:\/\/sweetcanada.ca\/fr\/wp-json\/wp\/v2\/pages\/863","targetHints":{"allow":["GET"]}}],"collection":[{"href":"https:\/\/sweetcanada.ca\/fr\/wp-json\/wp\/v2\/pages"}],"about":[{"href":"https:\/\/sweetcanada.ca\/fr\/wp-json\/wp\/v2\/types\/page"}],"author":[{"embeddable":true,"href":"https:\/\/sweetcanada.ca\/fr\/wp-json\/wp\/v2\/users\/1"}],"replies":[{"embeddable":true,"href":"https:\/\/sweetcanada.ca\/fr\/wp-json\/wp\/v2\/comments?post=863"}],"version-history":[{"count":0,"href":"https:\/\/sweetcanada.ca\/fr\/wp-json\/wp\/v2\/pages\/863\/revisions"}],"wp:attachment":[{"href":"https:\/\/sweetcanada.ca\/fr\/wp-json\/wp\/v2\/media?parent=863"}],"curies":[{"name":"wp","href":"https:\/\/api.w.org\/{rel}","templated":true}]}}