{"id":14,"date":"2025-11-13T16:23:17","date_gmt":"2025-11-13T16:23:17","guid":{"rendered":"https:\/\/sweetcanada.ca\/?page_id=14"},"modified":"2025-11-18T22:55:12","modified_gmt":"2025-11-18T22:55:12","slug":"returns-cancellations","status":"publish","type":"page","link":"https:\/\/sweetcanada.ca\/fr\/returns-cancellations\/","title":{"rendered":"Retours et annulations"},"content":{"rendered":"<div data-elementor-type=\"wp-page\" data-elementor-id=\"14\" class=\"elementor elementor-14\" data-elementor-settings=\"{&quot;ha_cmc_init_switcher&quot;:&quot;no&quot;}\" data-elementor-post-type=\"page\">\n\t\t\t\t<div class=\"wd-negative-gap elementor-element elementor-element-5336677 e-flex e-con-boxed e-con e-parent\" data-id=\"5336677\" data-element_type=\"container\" data-e-type=\"container\" data-settings=\"{&quot;_ha_eqh_enable&quot;:false}\">\n\t\t\t\t\t<div class=\"e-con-inner\">\n\t\t\t\t<div class=\"elementor-element elementor-element-168f9e4 color-scheme-inherit text-left elementor-widget elementor-widget-text-editor\" data-id=\"168f9e4\" data-element_type=\"widget\" data-e-type=\"widget\" data-widget_type=\"text-editor.default\">\n\t\t\t\t\t\t\t\t\t<h1 data-start=\"140\" data-end=\"199\"><strong data-start=\"142\" data-end=\"199\">SweetCanada Inc - Retours et annulations (Clients)<\/strong><\/h1><p data-start=\"201\" data-end=\"521\">Chez SweetCanada Inc. votre satisfaction est une priorit\u00e9. Nous travaillons avec des fournisseurs canadiens de confiance pour livrer des paniers-cadeaux et des produits alimentaires de haute qualit\u00e9 partout au pays. \u00c9tant donn\u00e9 que plusieurs de nos produits sont p\u00e9rissables et fabriqu\u00e9s sur commande, des r\u00e8gles particuli\u00e8res s'appliquent aux retours et aux annulations afin d'assurer l'\u00e9quit\u00e9 et la s\u00e9curit\u00e9 des produits.<\/p><h2 data-start=\"523\" data-end=\"546\"><strong data-start=\"526\" data-end=\"546\">1. Politique de retour<\/strong><\/h2><h3 data-start=\"548\" data-end=\"580\"><strong data-start=\"552\" data-end=\"580\">Produits alimentaires p\u00e9rissables<\/strong><\/h3><p data-start=\"581\" data-end=\"678\">En raison de la nature des produits p\u00e9rissables, nous n'acceptons aucun retour une fois la commande livr\u00e9e.<\/p><p data-start=\"680\" data-end=\"789\">Si votre commande arrive avec des articles endommag\u00e9s, ab\u00eem\u00e9s ou manquants, vous devez nous contacter dans les 7 jours suivant la livraison.<\/p><p data-start=\"791\" data-end=\"806\">Veuillez inclure :<\/p><p data-start=\"809\" data-end=\"828\"><strong>\u2022\u00a0<\/strong> Votre num\u00e9ro de commande<br \/><strong>\u2022\u00a0<\/strong> Une br\u00e8ve description de la question<br \/><strong>\u2022\u00a0<\/strong>\u00a0Des photos claires des articles concern\u00e9s<\/p><p data-start=\"904\" data-end=\"1021\">Nous examinerons votre demande et pourrons vous proposer un remplacement, un cr\u00e9dit en magasin ou un remboursement, en fonction de la politique du fournisseur.<\/p><h3 data-start=\"1023\" data-end=\"1055\"><strong data-start=\"1027\" data-end=\"1055\">Articles non alimentaires et cadeaux<\/strong><\/h3><p data-start=\"1056\" data-end=\"1222\">Pour les produits non alimentaires, les r\u00e9clamations doivent \u00eatre pr\u00e9sent\u00e9es dans les 15 jours suivant la livraison.<br data-start=\"1131\" data-end=\"1134\" \/>Les articles retourn\u00e9s doivent \u00eatre inutilis\u00e9s, dans leur emballage d'origine et en \u00e9tat de revente.<\/p><h2 data-start=\"1224\" data-end=\"1247\"><strong data-start=\"1227\" data-end=\"1247\">2. Annulations<\/strong><\/h2><h3 data-start=\"1249\" data-end=\"1272\"><strong data-start=\"1253\" data-end=\"1272\">Avant l'exp\u00e9dition<\/strong><\/h3><p data-start=\"1273\" data-end=\"1459\">Pour annuler une commande, veuillez envoyer un courriel \u00e0 <a class=\"decorated-link cursor-pointer\" rel=\"noopener\" data-start=\"1306\" data-end=\"1328\">contact@sweetcanada.ca<\/a> dans les 48 heures suivant votre achat.<br data-start=\"1362\" data-end=\"1365\" \/>Nous vous confirmerons si l'annulation est possible avant que la commande ne soit trait\u00e9e ou exp\u00e9di\u00e9e.<\/p><h3 data-start=\"1461\" data-end=\"1483\"><strong data-start=\"1465\" data-end=\"1483\">Apr\u00e8s l'exp\u00e9dition<\/strong><\/h3><p data-start=\"1484\" data-end=\"1620\">Une fois que la commande a \u00e9t\u00e9 exp\u00e9di\u00e9e, elle ne peut plus \u00eatre annul\u00e9e.<br data-start=\"1539\" data-end=\"1542\" \/>Si vous avez re\u00e7u un produit incorrect ou d\u00e9fectueux, contactez-nous pour ouvrir une r\u00e9clamation.<\/p><h2 data-start=\"1622\" data-end=\"1639\"><strong data-start=\"1625\" data-end=\"1639\">3. Remboursements<\/strong><\/h2><p data-start=\"1641\" data-end=\"1774\">Les remboursements approuv\u00e9s seront effectu\u00e9s sur la m\u00e9thode de paiement originale dans un d\u00e9lai de 5 \u00e0 10 jours ouvrables, en fonction de votre banque ou de votre fournisseur de paiement.<\/p><p data-start=\"1776\" data-end=\"1801\">Les remboursements peuvent \u00eatre effectu\u00e9s comme suit :<\/p><p data-start=\"1804\" data-end=\"1834\"><strong>\u2022\u00a0<\/strong> Un rempla\u00e7ant (si disponible)<br \/><strong>\u2022\u00a0<\/strong> Cr\u00e9dit magasin<br \/><strong>\u2022\u00a0<\/strong>\u00a0Remboursement partiel ou total, en fonction de l'approbation du fournisseur<\/p><h2 data-start=\"1912\" data-end=\"1932\"><strong data-start=\"1915\" data-end=\"1932\">4. Exceptions<\/strong><\/h2><p data-start=\"1934\" data-end=\"1946\">A noter :<\/p><p data-start=\"1949\" data-end=\"2000\"><strong>\u2022\u00a0<\/strong> Les produits endommag\u00e9s apr\u00e8s la livraison ne sont pas \u00e9ligibles.<br \/><strong>\u2022\u00a0<\/strong> Les paniers-cadeaux sur mesure ou personnalis\u00e9s ne peuvent \u00eatre retourn\u00e9s.<br \/><strong>\u2022\u00a0<\/strong>\u00a0Aucun remboursement n'est accord\u00e9 pour des variations mineures telles que des diff\u00e9rences d'emballage ou des substitutions de fournisseurs \u00e9quivalents.<\/p><h2 data-start=\"2164\" data-end=\"2202\"><strong data-start=\"2167\" data-end=\"2202\">5. Soumission d'un retour ou d'une r\u00e9clamation<\/strong><\/h2><p data-start=\"2204\" data-end=\"2221\">Pour commencer une demande d'indemnisation :<\/p><ol data-start=\"2223\" data-end=\"2361\"><li data-start=\"2223\" data-end=\"2268\"><p data-start=\"2226\" data-end=\"2268\">Visitez notre formulaire de contact \u00e0 SweetCanada.ca<\/p><\/li><li data-start=\"2269\" data-end=\"2299\"><p data-start=\"2272\" data-end=\"2299\">S\u00e9lectionnez \u201cRetours et r\u00e9clamations\u201d<\/p><\/li><li data-start=\"2300\" data-end=\"2361\"><p data-start=\"2303\" data-end=\"2361\">Fournissez les d\u00e9tails de votre commande et t\u00e9l\u00e9chargez des photos le cas \u00e9ch\u00e9ant<\/p><\/li><\/ol><p data-start=\"2363\" data-end=\"2416\">Notre \u00e9quipe r\u00e9pond g\u00e9n\u00e9ralement dans un d\u00e9lai de 2 \u00e0 3 jours ouvrables.<\/p><h2 data-start=\"2418\" data-end=\"2438\"><strong data-start=\"2421\" data-end=\"2438\">6. Des questions ?<\/strong><\/h2><p data-start=\"2440\" data-end=\"2518\"><a class=\"decorated-link cursor-pointer\" rel=\"noopener\" data-start=\"2440\" data-end=\"2462\">contact@sweetcanada.ca<\/a><br data-start=\"2462\" data-end=\"2465\" \/>160D-6900 Boulevard D\u00e9carie, Montr\u00e9al, Qu\u00e9bec H3X 2T8<\/p>\t\t\t\t\t\t\t\t<\/div>\n\t\t\t\t\t<\/div>\n\t\t\t\t<\/div>\n\t\t\t\t<\/div>","protected":false},"excerpt":{"rendered":"<p>SweetCanada Inc \u2013 Returns &amp; Cancellations (Customers) At SweetCanada Inc., your satisfaction is a priority. We work with trusted Canadian<\/p>","protected":false},"author":1,"featured_media":0,"parent":0,"menu_order":0,"comment_status":"closed","ping_status":"closed","template":"elementor_header_footer","meta":{"footnotes":""},"class_list":["post-14","page","type-page","status-publish","hentry"],"_hostinger_reach_plugin_has_subscription_block":false,"_hostinger_reach_plugin_is_elementor":false,"_links":{"self":[{"href":"https:\/\/sweetcanada.ca\/fr\/wp-json\/wp\/v2\/pages\/14","targetHints":{"allow":["GET"]}}],"collection":[{"href":"https:\/\/sweetcanada.ca\/fr\/wp-json\/wp\/v2\/pages"}],"about":[{"href":"https:\/\/sweetcanada.ca\/fr\/wp-json\/wp\/v2\/types\/page"}],"author":[{"embeddable":true,"href":"https:\/\/sweetcanada.ca\/fr\/wp-json\/wp\/v2\/users\/1"}],"replies":[{"embeddable":true,"href":"https:\/\/sweetcanada.ca\/fr\/wp-json\/wp\/v2\/comments?post=14"}],"version-history":[{"count":0,"href":"https:\/\/sweetcanada.ca\/fr\/wp-json\/wp\/v2\/pages\/14\/revisions"}],"wp:attachment":[{"href":"https:\/\/sweetcanada.ca\/fr\/wp-json\/wp\/v2\/media?parent=14"}],"curies":[{"name":"wp","href":"https:\/\/api.w.org\/{rel}","templated":true}]}}